{"id":159,"date":"2019-04-30T20:17:29","date_gmt":"2019-04-30T18:17:29","guid":{"rendered":"http:\/\/noosphere.re\/?page_id=159"},"modified":"2020-02-03T14:28:30","modified_gmt":"2020-02-03T13:28:30","slug":"coaching","status":"publish","type":"page","link":"https:\/\/noosphere.re\/index.php\/coaching\/","title":{"rendered":"Accompagnement"},"content":{"rendered":"\t\t<div data-elementor-type=\"wp-post\" data-elementor-id=\"159\" class=\"elementor elementor-159\" data-elementor-settings=\"[]\">\n\t\t\t<div class=\"elementor-inner\">\n\t\t\t\t<div class=\"elementor-section-wrap\">\n\t\t\t\t\t\t\t<section class=\"elementor-element elementor-element-5c0a856 elementor-section-stretched elementor-section-boxed elementor-section-height-default elementor-section-height-default elementor-section elementor-top-section\" data-id=\"5c0a856\" data-element_type=\"section\" data-settings=\"{&quot;stretch_section&quot;:&quot;section-stretched&quot;}\">\n\t\t\t\t\t\t<div class=\"elementor-container elementor-column-gap-default\">\n\t\t\t\t<div class=\"elementor-row\">\n\t\t\t\t<div class=\"elementor-element elementor-element-448f591 elementor-column elementor-col-100 elementor-top-column\" data-id=\"448f591\" data-element_type=\"column\">\n\t\t\t<div class=\"elementor-column-wrap  elementor-element-populated\">\n\t\t\t\t\t<div class=\"elementor-widget-wrap\">\n\t\t\t\t<div class=\"elementor-element elementor-element-87d8a93 elementor-widget elementor-widget-heading\" data-id=\"87d8a93\" data-element_type=\"widget\" data-widget_type=\"heading.default\">\n\t\t\t\t<div class=\"elementor-widget-container\">\n\t\t\t<h3 class=\"elementor-heading-title elementor-size-default\">Th\u00e9rapie &amp; D\u00e9veloppement personnel<\/h3>\t\t<\/div>\n\t\t\t\t<\/div>\n\t\t\t\t\t\t<\/div>\n\t\t\t<\/div>\n\t\t<\/div>\n\t\t\t\t\t\t<\/div>\n\t\t\t<\/div>\n\t\t<\/section>\n\t\t\t\t<section class=\"elementor-element elementor-element-7bc05cd elementor-section-stretched elementor-section-boxed elementor-section-height-default elementor-section-height-default elementor-section elementor-top-section\" data-id=\"7bc05cd\" data-element_type=\"section\" data-settings=\"{&quot;stretch_section&quot;:&quot;section-stretched&quot;}\">\n\t\t\t\t\t\t<div class=\"elementor-container elementor-column-gap-default\">\n\t\t\t\t<div class=\"elementor-row\">\n\t\t\t\t<div class=\"elementor-element elementor-element-a2ec0c9 elementor-column elementor-col-100 elementor-top-column\" data-id=\"a2ec0c9\" data-element_type=\"column\">\n\t\t\t<div class=\"elementor-column-wrap  elementor-element-populated\">\n\t\t\t\t\t<div class=\"elementor-widget-wrap\">\n\t\t\t\t<div class=\"elementor-element elementor-element-3e355bc elementor-widget elementor-widget-text-editor\" data-id=\"3e355bc\" data-element_type=\"widget\" data-widget_type=\"text-editor.default\">\n\t\t\t\t<div class=\"elementor-widget-container\">\n\t\t\t\t\t<div class=\"elementor-text-editor elementor-clearfix\"><p><strong>&#8220;Tout le monde a droit au bonheur!&#8221;<\/strong><br \/>Le coaching fondamental est un accompagnement au changement qui vise la r\u00e9alisation de soi, le d\u00e9veloppement de relations enrichissantes, la r\u00e9solution de probl\u00e9matiques et la manifestation de ses aspirations profondes. Il permet de stopper les sch\u00e9mas r\u00e9p\u00e9titifs qui g\u00e9n\u00e8rent les situations ind\u00e9sirables, de reprendre son propre pouvoir personnel et devenir cr\u00e9ateur de sa vie.<\/p><p><strong>&#8220;Deviens qui tu es \u2026<\/strong> <br \/>L\u2019hypnose humaniste et les th\u00e9rapies psycho-\u00e9nerg\u00e9tiques, sont des th\u00e9rapies br\u00e8ves, une \u00e0 quatre s\u00e9ances seront n\u00e9cessaires pour trouver une solution \u00e0 un probl\u00e8me sp\u00e9cifique ou m\u00e9canique. Pour traiter un mal \u00eatre plus profond le travail pourra \u00eatre plus long. Tout d\u00e9pendra surtout de la relation qu&#8217;entretient la personne avec sa probl\u00e9matique et ce qu&#8217;elle est pr\u00eate \u00e0 &#8220;l\u00e2cher&#8221; dans l&#8217;instant pr\u00e9sent. &#8220;<\/p><p><strong>\u2026Et d\u00e9passe le!&#8221;<\/strong>\u00a0 <br \/>Le coaching, l\u2019hypnose humaniste, et les th\u00e9rapies psycho-\u00e9nerg\u00e9tiques sont donc utilis\u00e9es ici comme outils d&#8217;\u00e9volution personnelle vers l&#8217;\u00e9veil et la gu\u00e9rison. Elles permettent aux personnes venant en consultation de trouver eux-m\u00eames les solutions \u00e0 leurs maux en lib\u00e9rant les mots et de grandir en conscience<\/p><\/div>\n\t\t\t\t<\/div>\n\t\t\t\t<\/div>\n\t\t\t\t\t\t<\/div>\n\t\t\t<\/div>\n\t\t<\/div>\n\t\t\t\t\t\t<\/div>\n\t\t\t<\/div>\n\t\t<\/section>\n\t\t\t\t<section class=\"elementor-element elementor-element-1b826e2 elementor-section-stretched elementor-section-boxed elementor-section-height-default elementor-section-height-default elementor-section elementor-top-section\" data-id=\"1b826e2\" data-element_type=\"section\" data-settings=\"{&quot;stretch_section&quot;:&quot;section-stretched&quot;}\">\n\t\t\t\t\t\t<div class=\"elementor-container elementor-column-gap-default\">\n\t\t\t\t<div class=\"elementor-row\">\n\t\t\t\t<div class=\"elementor-element elementor-element-01ad138 elementor-column elementor-col-100 elementor-top-column\" data-id=\"01ad138\" data-element_type=\"column\">\n\t\t\t<div class=\"elementor-column-wrap  elementor-element-populated\">\n\t\t\t\t\t<div class=\"elementor-widget-wrap\">\n\t\t\t\t<div class=\"elementor-element elementor-element-5e24f6c elementor-widget elementor-widget-heading\" data-id=\"5e24f6c\" data-element_type=\"widget\" data-widget_type=\"heading.default\">\n\t\t\t\t<div class=\"elementor-widget-container\">\n\t\t\t<h3 class=\"elementor-heading-title elementor-size-default\">Qu\u2019est ce qu\u2019un coach th\u00e9rapeute ?<\/h3>\t\t<\/div>\n\t\t\t\t<\/div>\n\t\t\t\t<div class=\"elementor-element elementor-element-dbc9af9 elementor-widget elementor-widget-text-editor\" data-id=\"dbc9af9\" data-element_type=\"widget\" data-widget_type=\"text-editor.default\">\n\t\t\t\t<div class=\"elementor-widget-container\">\n\t\t\t\t\t<div class=\"elementor-text-editor elementor-clearfix\"><p>Professionnel de l\u2019\u00e9coute et de l\u2019accompagnement le Coach th\u00e9rapeute utilise dans la m\u00eame s\u00e9ance les techniques issues du coaching, de la PNL\u00a0 et de la th\u00e9rapie. Il guide la personne venant consulter sur le chemin de son \u00e9volution et de son \u00e9veil.\u00a0<\/p><p>En l\u2019aidant \u00e0 trouver la solution \u00e0 ses probl\u00e8mes psychologiques et \u00e0 vivre pleinement son pr\u00e9sent, il l\u2019aide \u00e0 r\u00e9parer ce qui doit l\u2019\u00eatre pour changer sa vie. Il est plus orient\u00e9 sur le \u00ab\u00a0comment\u00a0\u00bb (la solution) que sur le\u00a0\u00ab\u00a0pourquoi\u00a0\u00bb (l\u2019analyse).<\/p><p>L\u2019avantage de proposer \u00e0 la personne de \u00ab\u00a0soigner\u00a0\u00bb les blessures de son pass\u00e9 tout en lui donnant la possibilit\u00e9 d\u2019avancer d\u2019un pas nouveau et cr\u00e9ateur cr\u00e9e une v\u00e9ritable dynamique et un \u00e9change inter actif entre le patient et le coach-th\u00e9rapeute. Le travail vise \u00e0 d\u00e9programmer les anciens sch\u00e9mas, croyances limitantes, conditionnements qui emprisonnent et maintiennent l\u2019illusion d\u2019Etre pour ensuite reprogrammer le cerveau en pens\u00e9es, croyances et visualisations positives. Comme l\u2019alchimiste qui transforme le plomb en or la personne retrouve alors son pouvoir personnel, celui de d\u00e9-cr\u00e9er et recr\u00e9er dans la m\u00eame s\u00e9ance les changements qu\u2019elle veut voir se manifester dans sa vie. C\u2019est un acte psycho magique d\u2019auto-gu\u00e9rison\u00a0<\/p><\/div>\n\t\t\t\t<\/div>\n\t\t\t\t<\/div>\n\t\t\t\t\t\t<\/div>\n\t\t\t<\/div>\n\t\t<\/div>\n\t\t\t\t\t\t<\/div>\n\t\t\t<\/div>\n\t\t<\/section>\n\t\t\t\t<section class=\"elementor-element elementor-element-0425e46 elementor-section-stretched elementor-section-boxed elementor-section-height-default elementor-section-height-default elementor-section elementor-top-section\" data-id=\"0425e46\" data-element_type=\"section\" data-settings=\"{&quot;stretch_section&quot;:&quot;section-stretched&quot;}\">\n\t\t\t\t\t\t<div class=\"elementor-container elementor-column-gap-default\">\n\t\t\t\t<div class=\"elementor-row\">\n\t\t\t\t<div class=\"elementor-element elementor-element-9f26e48 elementor-column elementor-col-50 elementor-top-column\" data-id=\"9f26e48\" data-element_type=\"column\">\n\t\t\t<div class=\"elementor-column-wrap  elementor-element-populated\">\n\t\t\t\t\t<div class=\"elementor-widget-wrap\">\n\t\t\t\t<div class=\"elementor-element elementor-element-9d9d4a0 elementor-widget elementor-widget-text-editor\" data-id=\"9d9d4a0\" data-element_type=\"widget\" data-widget_type=\"text-editor.default\">\n\t\t\t\t<div class=\"elementor-widget-container\">\n\t\t\t\t\t<div class=\"elementor-text-editor elementor-clearfix\"><p><strong>Indications&nbsp;<\/strong><b>th\u00e9rapeutiques<\/b><br>&#8211; Traumatisme<br>&#8211; Deuil<br>&#8211; Blessures \u00e9motionnelles<br>&#8211; Relation de couple<br>&#8211; Auto-sabotage<br>&#8211; D\u00e9pression<br>&#8211; Burn-out <br>&#8211; D\u00e9pendance<br>&#8211; Phobie<br><br><\/p><\/div>\n\t\t\t\t<\/div>\n\t\t\t\t<\/div>\n\t\t\t\t\t\t<\/div>\n\t\t\t<\/div>\n\t\t<\/div>\n\t\t\t\t<div class=\"elementor-element elementor-element-0506b73 elementor-column elementor-col-50 elementor-top-column\" data-id=\"0506b73\" data-element_type=\"column\">\n\t\t\t<div class=\"elementor-column-wrap  elementor-element-populated\">\n\t\t\t\t\t<div class=\"elementor-widget-wrap\">\n\t\t\t\t<div class=\"elementor-element elementor-element-2e23af2 elementor-widget elementor-widget-text-editor\" data-id=\"2e23af2\" data-element_type=\"widget\" data-widget_type=\"text-editor.default\">\n\t\t\t\t<div class=\"elementor-widget-container\">\n\t\t\t\t\t<div class=\"elementor-text-editor elementor-clearfix\"><p>&#8211; Insomnie<br>&#8211; Addictions<br>&#8211; G\u00e9rer ses peurs et ses angoisses<br>&#8211; Retrouver la confiance et l\u2019estime de soi<br>&#8211; Perte de poids<br>&#8211; Probl\u00e8mes de peau et autres<br>&#8211; Troubles psychosomatiques<br>&#8211; R\u00e9aliser ses projets et ses objectifs<br>&#8211; Am\u00e9liorer ses comp\u00e9tences<br>&#8211; etc\u2026<\/p><\/div>\n\t\t\t\t<\/div>\n\t\t\t\t<\/div>\n\t\t\t\t\t\t<\/div>\n\t\t\t<\/div>\n\t\t<\/div>\n\t\t\t\t\t\t<\/div>\n\t\t\t<\/div>\n\t\t<\/section>\n\t\t\t\t<section class=\"elementor-element elementor-element-0a34e50 elementor-section-stretched elementor-section-boxed elementor-section-height-default elementor-section-height-default elementor-section elementor-top-section\" data-id=\"0a34e50\" data-element_type=\"section\" data-settings=\"{&quot;stretch_section&quot;:&quot;section-stretched&quot;}\">\n\t\t\t\t\t\t<div class=\"elementor-container elementor-column-gap-default\">\n\t\t\t\t<div class=\"elementor-row\">\n\t\t\t\t<div class=\"elementor-element elementor-element-27e2da2 elementor-column elementor-col-100 elementor-top-column\" data-id=\"27e2da2\" data-element_type=\"column\">\n\t\t\t<div class=\"elementor-column-wrap  elementor-element-populated\">\n\t\t\t\t\t<div class=\"elementor-widget-wrap\">\n\t\t\t\t<div class=\"elementor-element elementor-element-0bfefe4 elementor-widget elementor-widget-image\" data-id=\"0bfefe4\" data-element_type=\"widget\" data-widget_type=\"image.default\">\n\t\t\t\t<div class=\"elementor-widget-container\">\n\t\t\t\t\t<div class=\"elementor-image\">\n\t\t\t\t\t\t\t\t\t\t<img width=\"150\" height=\"150\" src=\"https:\/\/noosphere.re\/wp-content\/uploads\/2019\/08\/LOGOICON2-150x150.png\" class=\"attachment-thumbnail size-thumbnail\" alt=\"\" loading=\"lazy\" srcset=\"https:\/\/noosphere.re\/wp-content\/uploads\/2019\/08\/LOGOICON2-150x150.png 150w, https:\/\/noosphere.re\/wp-content\/uploads\/2019\/08\/LOGOICON2-300x300.png 300w, https:\/\/noosphere.re\/wp-content\/uploads\/2019\/08\/LOGOICON2-230x230.png 230w, https:\/\/noosphere.re\/wp-content\/uploads\/2019\/08\/LOGOICON2-350x350.png 350w, https:\/\/noosphere.re\/wp-content\/uploads\/2019\/08\/LOGOICON2-480x480.png 480w, https:\/\/noosphere.re\/wp-content\/uploads\/2019\/08\/LOGOICON2.png 512w\" sizes=\"(max-width: 150px) 100vw, 150px\" \/>\t\t\t\t\t\t\t\t\t\t\t<\/div>\n\t\t\t\t<\/div>\n\t\t\t\t<\/div>\n\t\t\t\t\t\t<\/div>\n\t\t\t<\/div>\n\t\t<\/div>\n\t\t\t\t\t\t<\/div>\n\t\t\t<\/div>\n\t\t<\/section>\n\t\t\t\t<section class=\"elementor-element elementor-element-781c5c9 elementor-section-stretched elementor-section-boxed elementor-section-height-default elementor-section-height-default elementor-section elementor-top-section\" data-id=\"781c5c9\" data-element_type=\"section\" data-settings=\"{&quot;stretch_section&quot;:&quot;section-stretched&quot;,&quot;background_background&quot;:&quot;classic&quot;}\">\n\t\t\t\t\t\t<div class=\"elementor-container elementor-column-gap-default\">\n\t\t\t\t<div class=\"elementor-row\">\n\t\t\t\t<div class=\"elementor-element elementor-element-98bbebf elementor-column elementor-col-100 elementor-top-column\" data-id=\"98bbebf\" data-element_type=\"column\">\n\t\t\t<div class=\"elementor-column-wrap  elementor-element-populated\">\n\t\t\t\t\t<div class=\"elementor-widget-wrap\">\n\t\t\t\t<div class=\"elementor-element elementor-element-b28ac75 elementor-widget elementor-widget-heading\" data-id=\"b28ac75\" data-element_type=\"widget\" data-widget_type=\"heading.default\">\n\t\t\t\t<div class=\"elementor-widget-container\">\n\t\t\t<h3 class=\"elementor-heading-title elementor-size-default\">La consultation<\/h3>\t\t<\/div>\n\t\t\t\t<\/div>\n\t\t\t\t<div class=\"elementor-element elementor-element-bce885d elementor-widget elementor-widget-text-editor\" data-id=\"bce885d\" data-element_type=\"widget\" data-widget_type=\"text-editor.default\">\n\t\t\t\t<div class=\"elementor-widget-container\">\n\t\t\t\t\t<div class=\"elementor-text-editor elementor-clearfix\"><p><span style=\"color: #ffffff;\">Un questionnement pr\u00e9cis \u00e0 la recherche d\u2019informations pr\u00e9cieuses est mis en \u0153uvre dans la premi\u00e8re partie de la consultation, il est donc important pour moi d\u2019\u00e9tablir une relation de confiance et une bonne connexion !<\/span><\/p><p><span style=\"color: #ffffff;\">Dans la seconde partie de la consultation je guide la personne vers la solution qu\u2019elle va elle-m\u00eame trouver pour rem\u00e9dier \u00e0 son probl\u00e8me en choisissant \u00e9videmment le protocole et l\u2019outil th\u00e9rapeutique qui conviendra le mieux \u00e0 ses besoins. (Type d\u2019induction, choix de la technique \u2026)<\/span><\/p><\/div>\n\t\t\t\t<\/div>\n\t\t\t\t<\/div>\n\t\t\t\t<div class=\"elementor-element elementor-element-f586728 elementor-widget elementor-widget-spacer\" data-id=\"f586728\" data-element_type=\"widget\" data-widget_type=\"spacer.default\">\n\t\t\t\t<div class=\"elementor-widget-container\">\n\t\t\t\t\t<div class=\"elementor-spacer\">\n\t\t\t<div class=\"elementor-spacer-inner\"><\/div>\n\t\t<\/div>\n\t\t\t\t<\/div>\n\t\t\t\t<\/div>\n\t\t\t\t<div class=\"elementor-element elementor-element-ca2c456 elementor-widget elementor-widget-text-editor\" data-id=\"ca2c456\" data-element_type=\"widget\" data-widget_type=\"text-editor.default\">\n\t\t\t\t<div class=\"elementor-widget-container\">\n\t\t\t\t\t<div class=\"elementor-text-editor elementor-clearfix\"><h3 style=\"text-align: center;\"><span style=\"color: #ffffff;\">Je vous propose<\/span><\/h3><p style=\"text-align: center;\"><span style=\"color: #ffffff;\"><strong>Consultation individuelle\u00a0:<\/strong><\/span><br \/><span style=\"color: #ffffff;\">Coaching fondamental et Hypnoth\u00e9rapie Humaniste,<\/span><br \/><span style=\"color: #ffffff;\">Coaching fondamental et Th\u00e9rapies psycho-\u00e9nerg\u00e9tiques (EFT, TAT, Tong Ren)<\/span><br \/><span style=\"color: #ffffff;\"><strong>Dur\u00e9e 1h30 Tarif\u00a0: 60\u20ac<br \/><\/strong><\/span><br \/><span style=\"color: #ffffff;\"><strong>Soin \u00e9nerg\u00e9tique\u00a0:<\/strong><\/span><br \/><span style=\"color: #ffffff;\">R\u00e9\u00e9quilibrage, reconnexion, harmonisation, lib\u00e9ration \u00e9motionnelle<\/span><br \/><span style=\"color: #ffffff;\">Access Bars \u00ae<\/span><br \/><span style=\"color: #ffffff;\">Bio Energie<\/span><\/p><p style=\"text-align: center;\"><span style=\"color: #ffffff;\"><strong>Dur\u00e9e 1h30 Tarif\u00a0: 60\u20ac<\/strong><\/span><\/p><p style=\"text-align: center;\"><span style=\"color: #ffffff;\"><strong>En groupe\u00a0:<\/strong><\/span><\/p><p style=\"text-align: center;\"><span style=\"color: #ffffff;\">Ateliers th\u00e9rapeutiques et de d\u00e9veloppement personnel\u00a0<\/span><br \/><span style=\"color: #ffffff;\">Initiation \u00e0 la m\u00e9ditation guid\u00e9e et de pleine conscience (mindfullness)<\/span><br \/><span style=\"color: #ffffff;\">Routine \u00e9nerg\u00e9tique matinale (Techniques d\u2019ancrage, Brain Gym, EFT, 5 tib\u00e9tains)<\/span><br \/><span style=\"color: #ffffff;\">S\u00e9jours en immersion totale\u00a0 en France et dans l\u2019oc\u00e9an indien.<\/span><\/p><p style=\"text-align: center;\"><span style=\"color: #ffffff;\">\u00a0<\/span><\/p><\/div>\n\t\t\t\t<\/div>\n\t\t\t\t<\/div>\n\t\t\t\t\t\t<\/div>\n\t\t\t<\/div>\n\t\t<\/div>\n\t\t\t\t\t\t<\/div>\n\t\t\t<\/div>\n\t\t<\/section>\n\t\t\t\t<section class=\"elementor-element elementor-element-1eca7bb elementor-section-stretched elementor-section-boxed elementor-section-height-default elementor-section-height-default elementor-section elementor-top-section\" data-id=\"1eca7bb\" data-element_type=\"section\" data-settings=\"{&quot;stretch_section&quot;:&quot;section-stretched&quot;,&quot;background_background&quot;:&quot;classic&quot;}\">\n\t\t\t\t\t\t<div class=\"elementor-container elementor-column-gap-default\">\n\t\t\t\t<div class=\"elementor-row\">\n\t\t\t\t<div class=\"elementor-element elementor-element-ef8791e elementor-column elementor-col-100 elementor-top-column\" data-id=\"ef8791e\" data-element_type=\"column\">\n\t\t\t<div class=\"elementor-column-wrap  elementor-element-populated\">\n\t\t\t\t\t<div class=\"elementor-widget-wrap\">\n\t\t\t\t<div class=\"elementor-element elementor-element-2b7ed2c elementor-invisible elementor-widget elementor-widget-heading\" data-id=\"2b7ed2c\" data-element_type=\"widget\" data-settings=\"{&quot;_animation&quot;:&quot;fadeIn&quot;}\" data-widget_type=\"heading.default\">\n\t\t\t\t<div class=\"elementor-widget-container\">\n\t\t\t<h2 class=\"elementor-heading-title elementor-size-default\">\u00ab  Trouver son tr\u00e9sor int\u00e9rieur et le faire briller dans le monde ! \u00bb<\/h2>\t\t<\/div>\n\t\t\t\t<\/div>\n\t\t\t\t<div class=\"elementor-element elementor-element-c150a26 elementor-widget elementor-widget-testimonial\" data-id=\"c150a26\" data-element_type=\"widget\" data-widget_type=\"testimonial.default\">\n\t\t\t\t<div class=\"elementor-widget-container\">\n\t\t\t\t\t<div class=\"elementor-testimonial-wrapper elementor-testimonial-text-align-center\">\n\t\t\t\t\t\t\t<div class=\"elementor-testimonial-content\">\"Une aventure passionnante sur le chemin de la Vie \u00e0 la rencontre de notre Etre v\u00e9ritable!\nSe lib\u00e9rer de ses blessures, \u00eatre cr\u00e9ateur de sa r\u00e9alit\u00e9, r\u00e9aliser ses r\u00eaves, grandir en Conscience : Oui c'est possible!!! \nChanger le monde ...en commen\u00e7ant par soi m\u00eame, voil\u00e0 la belle mission qui m'inspire! \nEt vous? Quelle est la v\u00f4tre?...<\/div>\n\t\t\t\n\t\t\t\t\t\t<div class=\"elementor-testimonial-meta elementor-has-image elementor-testimonial-image-position-top\">\n\t\t\t\t<div class=\"elementor-testimonial-meta-inner\">\n\t\t\t\t\t\t\t\t\t\t\t<div class=\"elementor-testimonial-image\">\n\t\t\t\t\t\t\t<img width=\"230\" height=\"231\" src=\"https:\/\/noosphere.re\/wp-content\/uploads\/2019\/10\/ISACIRCLE-230x231.jpg\" class=\"attachment-sydney-small-thumb size-sydney-small-thumb\" alt=\"\" loading=\"lazy\" srcset=\"https:\/\/noosphere.re\/wp-content\/uploads\/2019\/10\/ISACIRCLE-230x231.jpg 230w, https:\/\/noosphere.re\/wp-content\/uploads\/2019\/10\/ISACIRCLE-150x150.jpg 150w, https:\/\/noosphere.re\/wp-content\/uploads\/2019\/10\/ISACIRCLE-300x300.jpg 300w, https:\/\/noosphere.re\/wp-content\/uploads\/2019\/10\/ISACIRCLE-768x771.jpg 768w, https:\/\/noosphere.re\/wp-content\/uploads\/2019\/10\/ISACIRCLE-1020x1024.jpg 1020w, https:\/\/noosphere.re\/wp-content\/uploads\/2019\/10\/ISACIRCLE-830x833.jpg 830w, https:\/\/noosphere.re\/wp-content\/uploads\/2019\/10\/ISACIRCLE-350x351.jpg 350w, https:\/\/noosphere.re\/wp-content\/uploads\/2019\/10\/ISACIRCLE-480x482.jpg 480w\" sizes=\"(max-width: 230px) 100vw, 230px\" \/>\t\t\t\t\t\t<\/div>\n\t\t\t\t\t\n\t\t\t\t\t\t\t\t\t\t<div class=\"elementor-testimonial-details\">\n\t\t\t\t\t\t\t\t\t\t\t\t\t\t<div class=\"elementor-testimonial-name\">Isabelle Delecourt<\/div>\n\t\t\t\t\t\t\t\t\t\t\t\t\t\t\t\t\t\t\t<\/div>\n\t\t\t\t\t\t\t\t\t<\/div>\n\t\t\t<\/div>\n\t\t\t\t\t<\/div>\n\t\t\t\t<\/div>\n\t\t\t\t<\/div>\n\t\t\t\t\t\t<\/div>\n\t\t\t<\/div>\n\t\t<\/div>\n\t\t\t\t\t\t<\/div>\n\t\t\t<\/div>\n\t\t<\/section>\n\t\t\t\t\t\t<\/div>\n\t\t\t<\/div>\n\t\t<\/div>\n\t\t","protected":false},"excerpt":{"rendered":"<p>Th\u00e9rapie &amp; D\u00e9veloppement personnel &#8220;Tout le monde a droit au bonheur!&#8221;Le coaching fondamental est un accompagnement au changement qui vise la r\u00e9alisation de soi, le d\u00e9veloppement de relations enrichissantes, la r\u00e9solution de probl\u00e9matiques et la manifestation de ses aspirations profondes. Il permet de stopper les sch\u00e9mas r\u00e9p\u00e9titifs qui g\u00e9n\u00e8rent les situations ind\u00e9sirables, de reprendre son [&hellip;]<\/p>\n","protected":false},"author":1,"featured_media":0,"parent":0,"menu_order":0,"comment_status":"closed","ping_status":"closed","template":"","meta":[],"_links":{"self":[{"href":"https:\/\/noosphere.re\/index.php\/wp-json\/wp\/v2\/pages\/159"}],"collection":[{"href":"https:\/\/noosphere.re\/index.php\/wp-json\/wp\/v2\/pages"}],"about":[{"href":"https:\/\/noosphere.re\/index.php\/wp-json\/wp\/v2\/types\/page"}],"author":[{"embeddable":true,"href":"https:\/\/noosphere.re\/index.php\/wp-json\/wp\/v2\/users\/1"}],"replies":[{"embeddable":true,"href":"https:\/\/noosphere.re\/index.php\/wp-json\/wp\/v2\/comments?post=159"}],"version-history":[{"count":54,"href":"https:\/\/noosphere.re\/index.php\/wp-json\/wp\/v2\/pages\/159\/revisions"}],"predecessor-version":[{"id":658,"href":"https:\/\/noosphere.re\/index.php\/wp-json\/wp\/v2\/pages\/159\/revisions\/658"}],"wp:attachment":[{"href":"https:\/\/noosphere.re\/index.php\/wp-json\/wp\/v2\/media?parent=159"}],"curies":[{"name":"wp","href":"https:\/\/api.w.org\/{rel}","templated":true}]}}