{"id":247,"date":"2019-09-09T16:09:57","date_gmt":"2019-09-09T14:09:57","guid":{"rendered":"http:\/\/noosphere.re\/?page_id=247"},"modified":"2020-01-03T17:06:58","modified_gmt":"2020-01-03T16:06:58","slug":"diplomes-et-formations","status":"publish","type":"page","link":"https:\/\/noosphere.re\/index.php\/diplomes-et-formations\/","title":{"rendered":"mon parcours"},"content":{"rendered":"\t\t<div data-elementor-type=\"wp-post\" data-elementor-id=\"247\" class=\"elementor elementor-247\" data-elementor-settings=\"[]\">\n\t\t\t<div class=\"elementor-inner\">\n\t\t\t\t<div class=\"elementor-section-wrap\">\n\t\t\t\t\t\t\t<section class=\"elementor-element elementor-element-8f9cd66 elementor-section-stretched elementor-section-boxed elementor-section-height-default elementor-section-height-default elementor-section elementor-top-section\" data-id=\"8f9cd66\" data-element_type=\"section\" data-settings=\"{&quot;stretch_section&quot;:&quot;section-stretched&quot;}\">\n\t\t\t\t\t\t<div class=\"elementor-container elementor-column-gap-default\">\n\t\t\t\t<div class=\"elementor-row\">\n\t\t\t\t<div class=\"elementor-element elementor-element-eb2db16 elementor-column elementor-col-100 elementor-top-column\" data-id=\"eb2db16\" data-element_type=\"column\">\n\t\t\t<div class=\"elementor-column-wrap  elementor-element-populated\">\n\t\t\t\t\t<div class=\"elementor-widget-wrap\">\n\t\t\t\t<div class=\"elementor-element elementor-element-b2568de elementor-widget elementor-widget-image\" data-id=\"b2568de\" data-element_type=\"widget\" data-widget_type=\"image.default\">\n\t\t\t\t<div class=\"elementor-widget-container\">\n\t\t\t\t\t<div class=\"elementor-image\">\n\t\t\t\t\t\t\t\t\t\t<img src=\"https:\/\/noosphere.re\/wp-content\/uploads\/elementor\/thumbs\/LOGOICON2-od37nspbovjqcvz3edrwvhgrhgw1qpjk1e1pwxul3w.png\" title=\"LOGOICON2\" alt=\"LOGOICON2\" \/>\t\t\t\t\t\t\t\t\t\t\t<\/div>\n\t\t\t\t<\/div>\n\t\t\t\t<\/div>\n\t\t\t\t\t\t<\/div>\n\t\t\t<\/div>\n\t\t<\/div>\n\t\t\t\t\t\t<\/div>\n\t\t\t<\/div>\n\t\t<\/section>\n\t\t\t\t<section class=\"elementor-element elementor-element-fa83dec elementor-section-stretched elementor-section-boxed elementor-section-height-default elementor-section-height-default elementor-section elementor-top-section\" data-id=\"fa83dec\" data-element_type=\"section\" data-settings=\"{&quot;stretch_section&quot;:&quot;section-stretched&quot;,&quot;background_background&quot;:&quot;classic&quot;}\">\n\t\t\t\t\t\t<div class=\"elementor-container elementor-column-gap-default\">\n\t\t\t\t<div class=\"elementor-row\">\n\t\t\t\t<div class=\"elementor-element elementor-element-fb5c0c7 elementor-column elementor-col-100 elementor-top-column\" data-id=\"fb5c0c7\" data-element_type=\"column\">\n\t\t\t<div class=\"elementor-column-wrap  elementor-element-populated\">\n\t\t\t\t\t<div class=\"elementor-widget-wrap\">\n\t\t\t\t<div class=\"elementor-element elementor-element-1623262 elementor-widget elementor-widget-text-editor\" data-id=\"1623262\" data-element_type=\"widget\" data-widget_type=\"text-editor.default\">\n\t\t\t\t<div class=\"elementor-widget-container\">\n\t\t\t\t\t<div class=\"elementor-text-editor elementor-clearfix\"><h4 style=\"text-align: left;\"><span style=\"color: #45bcc9;\"><strong>2014\/15<\/strong><\/span><\/h4><p><span style=\"color: #45bcc9;\"><strong>&#8211; Formati<span style=\"color: #45bcc9;\">on certifiante au coaching fondam<\/span>ental et \u00e0 la P.N.L<\/strong><\/span>\u00a0<br \/><span style=\"color: #33cccc;\">(<\/span><a href=\"https:\/\/www.coaching-fondamental.com\/Centre de coaching fondamental)\" target=\"_blank\" rel=\"noopener\" data-wplink-url-error=\"true\">https:\/\/www.coaching-fondamental\/<\/a>\u00a0<span style=\"color: #33cccc;\">)<\/span> <span style=\"color: #33cccc;\">G\u00e9raldine Bergon<br \/><\/span><span style=\"color: #45bcc9;\"><strong>&#8211;\u00a0<\/strong><\/span><strong style=\"color: #45bcc9;\">Formation aux th\u00e9rapies \u00e9nerg\u00e9tiques\u00a0: Bio-\u00e9nergie, radionique, magn\u00e9tisme et radiesth\u00e9sie<\/strong><span style=\"color: #45bcc9;\"> r\u00e9- \u00e9quilibrage, magn\u00e9tisme et radiesth\u00e9sie.\u00a0<br \/><\/span><span style=\"color: #33cccc;\">(<\/span><a style=\"background-color: rgba(0, 0, 0, 0.07);\" href=\"http:\/\/www.espace-bien-etre-reunion.com\" target=\"_blank\" rel=\"noopener\">http:\/\/www.espace-bien-etre-reunion.com<\/a><span style=\"color: #33cccc;\">\/<\/span> <span style=\"color: #33cccc;\">et<\/span> <a style=\"background-color: rgba(0, 0, 0, 0.07);\" href=\"https:\/\/www.facebook.com\/geobiologie.equilibre.energie\/posts\" target=\"_blank\" rel=\"noopener\">https:\/\/www.facebook.com\/geobiologie.equilibre.energie\/posts<\/a><span style=\"color: #33cccc;\">)<\/span>\u00a0<br \/><span style=\"color: #45bcc9;\"><strong>&#8211;\u00a0<\/strong><\/span><span style=\"color: #45bcc9;\"><b>Formation certifiante en sophrologie, relaxation et m\u00e9decines douces<br \/><\/b><\/span><a style=\"background-color: rgba(0, 0, 0, 0.07);\" href=\"https:\/\/www.cnfdi.com\/formation-distance-devenir-sophrologue-approfondissez-vos-connaissances-f-294.html\" target=\"_blank\" rel=\"noopener\">https:\/\/www.cnfdi.com\/formation-distance-devenir-sophrologue-approfondissez-vos-connaissances-f-294.html<\/a>\u00a0<\/p><p><span style=\"color: #45bcc9; font-family: Raleway, sans-serif; font-size: 25px; font-weight: 600;\">2016\/17<\/span><\/p><p><span style=\"color: #45bcc9;\"><strong>&#8211;\u00a0<\/strong><\/span><span style=\"color: #45bcc9;\"><strong>Formation dipl\u00f4mante de praticien 1 en Hypnose Humaniste et th\u00e9rapie symboliques avanc\u00e9e<\/strong><\/span>\u00a0<br \/>\u00a0<span style=\"color: #33cccc;\">(<\/span><a style=\"background-color: rgba(0, 0, 0, 0.07);\" href=\"https:\/\/hypnosehumaniste.info\" target=\"_blank\" rel=\"noopener\">https:\/\/hypnosehumaniste.info\/ Reveil Hypnose<\/a><span style=\"color: #33cccc;\">)<\/span>\u00a0<br \/><strong><span style=\"color: #45bcc9;\">&#8211;\u00a0<\/span><\/strong><b style=\"color: #45bcc9;\">Formation th\u00e9rapies psycho-\u00e9nerg\u00e9tiques<\/b><span style=\"color: #45bcc9;\"><b><br \/><\/b><\/span><span style=\"color: #33cccc;\">(<\/span><a style=\"background-color: rgba(0, 0, 0, 0.07);\" href=\"https:\/\/www.espacedetransformation.net\" target=\"_blank\" rel=\"noopener\">https:\/\/www.espacedetransformation.net<\/a><span style=\"color: #33cccc;\">\/Sylvie Alves)<br \/><\/span><b style=\"color: #45bcc9;\">&#8211; Formation certifiante Access Bars<\/b><span style=\"color: #45bcc9;\"><b>\u00ae<\/b><\/span><br \/><span style=\"color: #33cccc;\">(<\/span> <a style=\"background-color: rgba(0, 0, 0, 0.07);\" href=\"https:\/\/www.chrysalide-energies.fr\" target=\"_blank\" rel=\"noopener\">https:\/\/www.chrysalide-energies.fr<\/a><span style=\"color: #33cccc;\">\/\u00a0<\/span>\u00a0<\/p><h4><span style=\"color: #45bcc9;\">2018<\/span><\/h4><p><strong><span style=\"color: #45bcc9;\">&#8211;\u00a0<\/span><\/strong><strong><span style=\"color: #45bcc9;\">Sp\u00e9cialisation 1 Enfants\/Adolescents en hypnose humaniste (R\u00e9veil Hypnose)<\/span><\/strong>\u00a0<br \/><a style=\"background-color: rgba(0, 0, 0, 0.07);\" href=\"https:\/\/hypnosehumaniste.info\/\" data-wplink-url-error=\"true\">https:\/\/hypnosehumaniste.info\/<\/a><\/p><h4><span style=\"color: #45bcc9;\">2019<\/span><\/h4><p><span style=\"color: #45bcc9;\"><strong>&#8211;\u00a0<\/strong><\/span><b style=\"color: #45bcc9;\">Formation dipl\u00f4mante de Ma\u00eetre praticien 2 en hypnose humaniste<\/b><span style=\"color: #45bcc9;\"><b><br \/><\/b><\/span><a style=\"background-color: rgba(0, 0, 0, 0.07);\" href=\"https:\/\/hypnosehumaniste.info\/\" target=\"_blank\" rel=\"noopener\">https:\/\/hypnosehumaniste.info\/<\/a> <span style=\"color: #33cccc;\">R\u00e9veil Hypnose)\u00a0<br \/><\/span><span style=\"color: #45bcc9;\"><strong>&#8211;\u00a0<\/strong><\/span><span style=\"color: #45bcc9; font-weight: 600;\">\u00a0<\/span><b style=\"color: #45bcc9;\">Formation \u00e0 la m\u00e9ditation de pleine conscience<\/b><span style=\"color: #45bcc9;\"><b><br \/><\/b><\/span><span style=\"color: #33cccc;\">(<\/span><a style=\"background-color: rgba(0, 0, 0, 0.07);\" href=\"https:\/\/www.initiatikyoga.com\" target=\"_blank\" rel=\"noopener\">https:\/\/www.initiatikyoga.com<\/a><span style=\"color: #33cccc;\">\/Sandra Grange)<\/span><\/p><\/div>\n\t\t\t\t<\/div>\n\t\t\t\t<\/div>\n\t\t\t\t\t\t<\/div>\n\t\t\t<\/div>\n\t\t<\/div>\n\t\t\t\t\t\t<\/div>\n\t\t\t<\/div>\n\t\t<\/section>\n\t\t\t\t<section class=\"elementor-element elementor-element-8ab2ff5 elementor-section-stretched elementor-section-boxed elementor-section-height-default elementor-section-height-default elementor-section elementor-top-section\" data-id=\"8ab2ff5\" data-element_type=\"section\" data-settings=\"{&quot;stretch_section&quot;:&quot;section-stretched&quot;}\">\n\t\t\t\t\t\t<div class=\"elementor-container elementor-column-gap-default\">\n\t\t\t\t<div class=\"elementor-row\">\n\t\t\t\t<div class=\"elementor-element elementor-element-7f414c0 elementor-column elementor-col-100 elementor-top-column\" data-id=\"7f414c0\" data-element_type=\"column\">\n\t\t\t<div class=\"elementor-column-wrap  elementor-element-populated\">\n\t\t\t\t\t<div class=\"elementor-widget-wrap\">\n\t\t\t\t<div class=\"elementor-element elementor-element-071767e elementor-widget elementor-widget-heading\" data-id=\"071767e\" data-element_type=\"widget\" data-widget_type=\"heading.default\">\n\t\t\t\t<div class=\"elementor-widget-container\">\n\t\t\t<h2 class=\"elementor-heading-title elementor-size-default\">Dipl\u00f4mes<\/h2>\t\t<\/div>\n\t\t\t\t<\/div>\n\t\t\t\t<div class=\"elementor-element elementor-element-9dff7f4 elementor-arrows-position-inside elementor-pagination-position-outside elementor-widget elementor-widget-image-carousel\" data-id=\"9dff7f4\" data-element_type=\"widget\" data-settings=\"{&quot;navigation&quot;:&quot;both&quot;,&quot;autoplay&quot;:&quot;yes&quot;,&quot;pause_on_hover&quot;:&quot;yes&quot;,&quot;pause_on_interaction&quot;:&quot;yes&quot;,&quot;autoplay_speed&quot;:5000,&quot;infinite&quot;:&quot;yes&quot;,&quot;speed&quot;:500,&quot;direction&quot;:&quot;ltr&quot;}\" data-widget_type=\"image-carousel.default\">\n\t\t\t\t<div class=\"elementor-widget-container\">\n\t\t\t\t\t<div class=\"elementor-image-carousel-wrapper swiper-container\" dir=\"ltr\">\n\t\t\t<div class=\"elementor-image-carousel swiper-wrapper\">\n\t\t\t\t<div class=\"swiper-slide\"><figure class=\"swiper-slide-inner\"><img class=\"swiper-slide-image\" src=\"https:\/\/noosphere.re\/wp-content\/uploads\/2019\/10\/Formation-EFT-et-techniques-energetiquesW-300x207.jpg\" alt=\"Formation-EFT-et-techniques-energetiquesW\" \/><\/figure><\/div><div class=\"swiper-slide\"><figure class=\"swiper-slide-inner\"><img class=\"swiper-slide-image\" src=\"https:\/\/noosphere.re\/wp-content\/uploads\/2019\/10\/Initiation-Hypnose-HumanisteW-300x212.jpg\" alt=\"Initiation-Hypnose-HumanisteW\" \/><\/figure><\/div><div class=\"swiper-slide\"><figure class=\"swiper-slide-inner\"><img class=\"swiper-slide-image\" src=\"https:\/\/noosphere.re\/wp-content\/uploads\/2019\/10\/Magnetisme-et-radiesthesieW-300x224.jpg\" alt=\"Magnetisme-et-radiesthesieW\" \/><\/figure><\/div><div class=\"swiper-slide\"><figure class=\"swiper-slide-inner\"><img class=\"swiper-slide-image\" src=\"https:\/\/noosphere.re\/wp-content\/uploads\/2019\/10\/Praticienne-Access-BarsW-300x212.jpg\" alt=\"Praticienne-Access-BarsW\" \/><\/figure><\/div><div class=\"swiper-slide\"><figure class=\"swiper-slide-inner\"><img class=\"swiper-slide-image\" src=\"https:\/\/noosphere.re\/wp-content\/uploads\/2019\/10\/Praticienne-Hypnose-HumanisteW-300x212.jpg\" alt=\"Praticienne-Hypnose-HumanisteW\" \/><\/figure><\/div><div class=\"swiper-slide\"><figure class=\"swiper-slide-inner\"><img class=\"swiper-slide-image\" src=\"https:\/\/noosphere.re\/wp-content\/uploads\/2019\/10\/Praticienne-specialisee-en-Therapie-symbolique-avanceeW-300x208.jpg\" alt=\"Praticienne-specialisee-en-Therapie-symbolique-avanceeW\" \/><\/figure><\/div>\t\t\t<\/div>\n\t\t\t\t\t\t\t\t\t\t\t\t<div class=\"swiper-pagination\"><\/div>\n\t\t\t\t\t\t\t\t\t\t\t\t\t<div class=\"elementor-swiper-button elementor-swiper-button-prev\">\n\t\t\t\t\t\t<i class=\"eicon-chevron-left\" aria-hidden=\"true\"><\/i>\n\t\t\t\t\t\t<span class=\"elementor-screen-only\">Previous<\/span>\n\t\t\t\t\t<\/div>\n\t\t\t\t\t<div class=\"elementor-swiper-button elementor-swiper-button-next\">\n\t\t\t\t\t\t<i class=\"eicon-chevron-right\" aria-hidden=\"true\"><\/i>\n\t\t\t\t\t\t<span class=\"elementor-screen-only\">Next<\/span>\n\t\t\t\t\t<\/div>\n\t\t\t\t\t\t\t\t\t<\/div>\n\t\t\t\t<\/div>\n\t\t\t\t<\/div>\n\t\t\t\t\t\t<\/div>\n\t\t\t<\/div>\n\t\t<\/div>\n\t\t\t\t\t\t<\/div>\n\t\t\t<\/div>\n\t\t<\/section>\n\t\t\t\t\t\t<\/div>\n\t\t\t<\/div>\n\t\t<\/div>\n\t\t","protected":false},"excerpt":{"rendered":"<p>2014\/15 &#8211; Formation certifiante au coaching fondamental et \u00e0 la P.N.L&nbsp; (https:\/\/www.coaching-fondamental\/&nbsp;) G\u00e9raldine Bergon &#8211;&nbsp;Formation aux th\u00e9rapies \u00e9nerg\u00e9tiques&nbsp;: Bio-\u00e9nergie, radionique, magn\u00e9tisme et radiesth\u00e9sie r\u00e9- \u00e9quilibrage, magn\u00e9tisme et radiesth\u00e9sie.&nbsp; (http:\/\/www.espace-bien-etre-reunion.com\/ et https:\/\/www.facebook.com\/geobiologie.equilibre.energie\/posts)&nbsp; &#8211;&nbsp;Formation certifiante en sophrologie, relaxation et m\u00e9decines douces https:\/\/www.cnfdi.com\/formation-distance-devenir-sophrologue-approfondissez-vos-connaissances-f-294.html&nbsp; 2016\/17 &#8211;&nbsp;Formation dipl\u00f4mante de praticien 1 en Hypnose Humaniste et th\u00e9rapie symboliques avanc\u00e9e&nbsp; &nbsp;(https:\/\/hypnosehumaniste.info\/ Reveil [&hellip;]<\/p>\n","protected":false},"author":1,"featured_media":0,"parent":0,"menu_order":0,"comment_status":"closed","ping_status":"closed","template":"","meta":[],"_links":{"self":[{"href":"https:\/\/noosphere.re\/index.php\/wp-json\/wp\/v2\/pages\/247"}],"collection":[{"href":"https:\/\/noosphere.re\/index.php\/wp-json\/wp\/v2\/pages"}],"about":[{"href":"https:\/\/noosphere.re\/index.php\/wp-json\/wp\/v2\/types\/page"}],"author":[{"embeddable":true,"href":"https:\/\/noosphere.re\/index.php\/wp-json\/wp\/v2\/users\/1"}],"replies":[{"embeddable":true,"href":"https:\/\/noosphere.re\/index.php\/wp-json\/wp\/v2\/comments?post=247"}],"version-history":[{"count":48,"href":"https:\/\/noosphere.re\/index.php\/wp-json\/wp\/v2\/pages\/247\/revisions"}],"predecessor-version":[{"id":648,"href":"https:\/\/noosphere.re\/index.php\/wp-json\/wp\/v2\/pages\/247\/revisions\/648"}],"wp:attachment":[{"href":"https:\/\/noosphere.re\/index.php\/wp-json\/wp\/v2\/media?parent=247"}],"curies":[{"name":"wp","href":"https:\/\/api.w.org\/{rel}","templated":true}]}}