{"id":377,"date":"2019-10-26T16:07:43","date_gmt":"2019-10-26T14:07:43","guid":{"rendered":"http:\/\/noosphere.re\/?page_id=377"},"modified":"2019-12-20T10:42:55","modified_gmt":"2019-12-20T09:42:55","slug":"a-propos-de","status":"publish","type":"page","link":"https:\/\/noosphere.re\/index.php\/a-propos-de\/","title":{"rendered":"A propos de&#8230;"},"content":{"rendered":"\t\t<div data-elementor-type=\"wp-page\" data-elementor-id=\"377\" class=\"elementor elementor-377\" data-elementor-settings=\"[]\">\n\t\t\t<div class=\"elementor-inner\">\n\t\t\t\t<div class=\"elementor-section-wrap\">\n\t\t\t\t\t\t\t<section class=\"elementor-element elementor-element-f03e404 elementor-section-stretched elementor-section-boxed elementor-section-height-default elementor-section-height-default elementor-section elementor-top-section\" data-id=\"f03e404\" data-element_type=\"section\" data-settings=\"{&quot;stretch_section&quot;:&quot;section-stretched&quot;}\">\n\t\t\t\t\t\t<div class=\"elementor-container elementor-column-gap-default\">\n\t\t\t\t<div class=\"elementor-row\">\n\t\t\t\t<div class=\"elementor-element elementor-element-e52d512 elementor-column elementor-col-100 elementor-top-column\" data-id=\"e52d512\" data-element_type=\"column\">\n\t\t\t<div class=\"elementor-column-wrap  elementor-element-populated\">\n\t\t\t\t\t<div class=\"elementor-widget-wrap\">\n\t\t\t\t<div class=\"elementor-element elementor-element-ccf273b elementor-widget elementor-widget-heading\" data-id=\"ccf273b\" data-element_type=\"widget\" data-widget_type=\"heading.default\">\n\t\t\t\t<div class=\"elementor-widget-container\">\n\t\t\t<h3 class=\"elementor-heading-title elementor-size-default\">La PNL<\/h3>\t\t<\/div>\n\t\t\t\t<\/div>\n\t\t\t\t<div class=\"elementor-element elementor-element-95ac2fe elementor-widget elementor-widget-text-editor\" data-id=\"95ac2fe\" data-element_type=\"widget\" data-widget_type=\"text-editor.default\">\n\t\t\t\t<div class=\"elementor-widget-container\">\n\t\t\t\t\t<div class=\"elementor-text-editor elementor-clearfix\"><p>La PNL, Programmation neuro-linguistique, se base sur l&#8217;observation du comportement humain. Elle offre une palette d\u2019outils de communication aux personnes qui veulent progresser dans leur vie personnelle et professionnelle et am\u00e9liorer leur mode de communication et de pens\u00e9e. Programmation : D\u00e9s notre prime enfance nous enregistrons des millions d\u2019informations qui programment nos r\u00e9action au fil du temps. Tous nos comportements sont le fruit d\u2019un long cheminement inconscient de notre pens\u00e9e.\u00a0<\/p><p>Neuro : C\u2019est notre cerveau qui est le maitre d\u2019\u0153uvre de cette programmation Linguistique : Le langage verbal mais aussi non verbal refl\u00e8te notre pens\u00e9e. L\u2019analyse de la gestuelle est \u00e9galement un autre r\u00e9v\u00e9lateur de nos sch\u00e9mas de pens\u00e9e. <br \/><br \/>Que permet la PNL ? De mieux communiquer, d\u2019exploiter au mieux ses qualit\u00e9s, de maitriser ses \u00e9motions, de comprendre notre fonctionnement et celui des autres.<br \/><br \/><\/p><\/div>\n\t\t\t\t<\/div>\n\t\t\t\t<\/div>\n\t\t\t\t\t\t<\/div>\n\t\t\t<\/div>\n\t\t<\/div>\n\t\t\t\t\t\t<\/div>\n\t\t\t<\/div>\n\t\t<\/section>\n\t\t\t\t<section class=\"elementor-element elementor-element-3af36ba elementor-section-stretched elementor-section-boxed elementor-section-height-default elementor-section-height-default elementor-section elementor-top-section\" data-id=\"3af36ba\" data-element_type=\"section\" data-settings=\"{&quot;stretch_section&quot;:&quot;section-stretched&quot;,&quot;background_background&quot;:&quot;classic&quot;}\">\n\t\t\t\t\t\t<div class=\"elementor-container elementor-column-gap-default\">\n\t\t\t\t<div class=\"elementor-row\">\n\t\t\t\t<div class=\"elementor-element elementor-element-935ec2f elementor-column elementor-col-100 elementor-top-column\" data-id=\"935ec2f\" data-element_type=\"column\">\n\t\t\t<div class=\"elementor-column-wrap  elementor-element-populated\">\n\t\t\t\t\t<div class=\"elementor-widget-wrap\">\n\t\t\t\t<div class=\"elementor-element elementor-element-15a2357 elementor-widget elementor-widget-heading\" data-id=\"15a2357\" data-element_type=\"widget\" data-widget_type=\"heading.default\">\n\t\t\t\t<div class=\"elementor-widget-container\">\n\t\t\t<h3 class=\"elementor-heading-title elementor-size-default\">La Bio \u00e9nergie<\/h3>\t\t<\/div>\n\t\t\t\t<\/div>\n\t\t\t\t<div class=\"elementor-element elementor-element-9f069fa elementor-widget elementor-widget-text-editor\" data-id=\"9f069fa\" data-element_type=\"widget\" data-widget_type=\"text-editor.default\">\n\t\t\t\t<div class=\"elementor-widget-container\">\n\t\t\t\t\t<div class=\"elementor-text-editor elementor-clearfix\"><p><span style=\"color: #ffffff;\"><strong>R\u00e9\u00e9quilibrer les \u00e9nergies vitales<\/strong><\/span><\/p><p><span style=\"color: #ffffff;\">La bio\u00e9nergie est une th\u00e9rapie holistique qui se base sur le fait que chaque individu est compos\u00e9 de champs \u00e9nerg\u00e9tiques et que toute pathologie physique ou psychique est li\u00e9e \u00e0 un d\u00e9r\u00e8glement de ces champs. La bio\u00e9nergie mesure et analyse les champs \u00e9nerg\u00e9tiques, rep\u00e8re et corrige les d\u00e9s\u00e9quilibres de ces champs et va aider l\u2019\u00e9nergie \u00e0 circuler correctement dans l\u2019organisme pour harmoniser les centres d\u2019\u00e9nergie vitale : les chakras.<\/span><\/p><p><span style=\"color: #ffffff;\">La bio\u00e9nergie consid\u00e8re que la structure \u00e9nerg\u00e9tique d\u2019un individu est \u00e0 la fois d\u2019ordre thermique, magn\u00e9tique et \u00e9lectrique. Notre organisme produit une \u00e9nergie qui se r\u00e9partit et circule sym\u00e9triquement par rapport \u00e0 l\u2019axe central du corps physique, en passant par les chakras. Cette \u00e9nergie irradie aussi autour du corps humain, c\u2019est ce que l\u2019on appelle l\u2019aura.<\/span><\/p><p><span style=\"color: #ffffff;\">Cette aura est un champ \u00e9nerg\u00e9tique subtil que l\u2019on peut sentir, analyser et sur lequel on peut travailler pour r\u00e9tablir des d\u00e9sordres physiques ou psychiques. Les champs d\u2019\u00e9nergies qui composent notre aura sont directement li\u00e9s aux principaux chakras, qui sont eux-m\u00eames en relation avec nos principaux centres nerveux. (Source : Caroline Morel)<\/span><\/p><\/div>\n\t\t\t\t<\/div>\n\t\t\t\t<\/div>\n\t\t\t\t\t\t<\/div>\n\t\t\t<\/div>\n\t\t<\/div>\n\t\t\t\t\t\t<\/div>\n\t\t\t<\/div>\n\t\t<\/section>\n\t\t\t\t<section class=\"elementor-element elementor-element-20e66b1 elementor-section-stretched elementor-section-boxed elementor-section-height-default elementor-section-height-default elementor-section elementor-top-section\" data-id=\"20e66b1\" data-element_type=\"section\" data-settings=\"{&quot;stretch_section&quot;:&quot;section-stretched&quot;,&quot;background_background&quot;:&quot;classic&quot;}\">\n\t\t\t\t\t\t<div class=\"elementor-container elementor-column-gap-default\">\n\t\t\t\t<div class=\"elementor-row\">\n\t\t\t\t<div class=\"elementor-element elementor-element-c845b8d elementor-column elementor-col-100 elementor-top-column\" data-id=\"c845b8d\" data-element_type=\"column\">\n\t\t\t<div class=\"elementor-column-wrap  elementor-element-populated\">\n\t\t\t\t\t<div class=\"elementor-widget-wrap\">\n\t\t\t\t<div class=\"elementor-element elementor-element-69ced10 elementor-widget elementor-widget-heading\" data-id=\"69ced10\" data-element_type=\"widget\" data-widget_type=\"heading.default\">\n\t\t\t\t<div class=\"elementor-widget-container\">\n\t\t\t<h3 class=\"elementor-heading-title elementor-size-default\">La Psychologie \u00e9nerg\u00e9tique<\/h3>\t\t<\/div>\n\t\t\t\t<\/div>\n\t\t\t\t<div class=\"elementor-element elementor-element-401e601 elementor-widget elementor-widget-text-editor\" data-id=\"401e601\" data-element_type=\"widget\" data-widget_type=\"text-editor.default\">\n\t\t\t\t<div class=\"elementor-widget-container\">\n\t\t\t\t\t<div class=\"elementor-text-editor elementor-clearfix\"><p>Elle vise \u00e0 restaurer le fonctionnement physique, \u00e9motionnel et psychologique d\u2019un individu. Pour cela, la psychologie \u00e9nerg\u00e9tique s\u2019appuie \u00e0 la fois sur les lois de la<strong>&nbsp;<\/strong><strong>psychologie occidentale<\/strong>&nbsp;(celle de Jung notamment) et sur les<strong>&nbsp;<\/strong><strong>connaissances orientales de la <\/strong><strong>m\u00e9decine chinoise<\/strong><strong>.<\/strong> <\/p>\n<p>La psychologie \u00e9nerg\u00e9tique agit \u00e0 deux niveaux&nbsp;: psychologique&nbsp;car elle permet de donner du sens \u00e0 la souffrance et subtile, dans l\u2019harmonisation \u00e9nerg\u00e9tique qu\u2019elle entra\u00eene. Les techniques psycho- \u00e9nerg\u00e9tiques sont nombreuses et portent des noms diff\u00e9rents. La plus connue est<strong> l\u2019<\/strong><strong>Emotional Freedom <\/strong><strong>Technique (EFT)<\/strong><strong>.<\/strong>&nbsp;<br>Elle se focalise sur le blocage de l\u2019\u00e9nergie \u00e0 dissoudre et donne des r\u00e9sultats rapides en cas de traumatismes, croyances limitantes, phobies et troubles de l\u2019anxi\u00e9t\u00e9. (Source&nbsp;: Lucile de La Reberdi\u00e8re)<\/p>\n<p><\/p><\/div>\n\t\t\t\t<\/div>\n\t\t\t\t<\/div>\n\t\t\t\t\t\t<\/div>\n\t\t\t<\/div>\n\t\t<\/div>\n\t\t\t\t\t\t<\/div>\n\t\t\t<\/div>\n\t\t<\/section>\n\t\t\t\t\t\t<\/div>\n\t\t\t<\/div>\n\t\t<\/div>\n\t\t","protected":false},"excerpt":{"rendered":"<p>La PNL La PNL, Programmation neuro-linguistique, se base sur l&#8217;observation du comportement humain. Elle offre une palette d\u2019outils de communication aux personnes qui veulent progresser dans leur vie personnelle et professionnelle et am\u00e9liorer leur mode de communication et de pens\u00e9e. Programmation : D\u00e9s notre prime enfance nous enregistrons des millions d\u2019informations qui programment nos r\u00e9action [&hellip;]<\/p>\n","protected":false},"author":1,"featured_media":0,"parent":0,"menu_order":0,"comment_status":"closed","ping_status":"closed","template":"","meta":[],"_links":{"self":[{"href":"https:\/\/noosphere.re\/index.php\/wp-json\/wp\/v2\/pages\/377"}],"collection":[{"href":"https:\/\/noosphere.re\/index.php\/wp-json\/wp\/v2\/pages"}],"about":[{"href":"https:\/\/noosphere.re\/index.php\/wp-json\/wp\/v2\/types\/page"}],"author":[{"embeddable":true,"href":"https:\/\/noosphere.re\/index.php\/wp-json\/wp\/v2\/users\/1"}],"replies":[{"embeddable":true,"href":"https:\/\/noosphere.re\/index.php\/wp-json\/wp\/v2\/comments?post=377"}],"version-history":[{"count":30,"href":"https:\/\/noosphere.re\/index.php\/wp-json\/wp\/v2\/pages\/377\/revisions"}],"predecessor-version":[{"id":577,"href":"https:\/\/noosphere.re\/index.php\/wp-json\/wp\/v2\/pages\/377\/revisions\/577"}],"wp:attachment":[{"href":"https:\/\/noosphere.re\/index.php\/wp-json\/wp\/v2\/media?parent=377"}],"curies":[{"name":"wp","href":"https:\/\/api.w.org\/{rel}","templated":true}]}}