{"id":43,"date":"2019-04-26T16:51:11","date_gmt":"2019-04-26T14:51:11","guid":{"rendered":"http:\/\/noosphere.re\/?page_id=43"},"modified":"2020-06-22T16:05:17","modified_gmt":"2020-06-22T14:05:17","slug":"noosphere","status":"publish","type":"page","link":"https:\/\/noosphere.re\/","title":{"rendered":"Qui suis-je ?"},"content":{"rendered":"<h3>Ma d\u00e9marche<\/h3>\n<p>Depuis les ann\u00e9es 2000, je chemine sur la voie du d\u00e9veloppement personnel et de la spiritualit\u00e9 tout d\u2019abord pour donner un sens \u00e0 ma vie en accord avec mes valeurs, mes convictions et ma philosophie humaniste mais aussi pour comprendre le fonctionnement de l\u2019humain et de sa relation au monde.<\/p>\n<p>Quelle est sa raison d\u2019\u00eatre ?<\/p>\n<p>Quelle est sa mission de vie ?<\/p>\n<p><strong>Et si notre but \u00e9tait tout simplement de faire l\u2019exp\u00e9rience de la vie et d\u2019\u00eatre heureux ?&#8230;<\/strong><\/p>\n<p><img loading=\"lazy\" width=\"150\" height=\"150\" src=\"http:\/\/noosphere.re\/wp-content\/uploads\/2019\/08\/LOGOICON2-150x150.png\" alt=\"\" srcset=\"http:\/\/noosphere.re\/wp-content\/uploads\/2019\/08\/LOGOICON2-150x150.png 150w, http:\/\/noosphere.re\/wp-content\/uploads\/2019\/08\/LOGOICON2-300x300.png 300w, http:\/\/noosphere.re\/wp-content\/uploads\/2019\/08\/LOGOICON2-230x230.png 230w, http:\/\/noosphere.re\/wp-content\/uploads\/2019\/08\/LOGOICON2-350x350.png 350w, http:\/\/noosphere.re\/wp-content\/uploads\/2019\/08\/LOGOICON2-480x480.png 480w, http:\/\/noosphere.re\/wp-content\/uploads\/2019\/08\/LOGOICON2.png 512w\" sizes=\"(max-width: 150px) 100vw, 150px\"><\/p>\n<h3>Je vous accompagne<\/h3>\n<p style=\"text-align: center;\">A<strong> la R\u00e9union et \u00e0 l&#8217;\u00cele Maurice :<\/strong> de Novembre \u00e0 Mai<br \/>\n<strong>En m\u00e9tropole :<\/strong> de Juin \u00e0 Octobre<br \/>\nSur Skype toute l&#8217;ann\u00e9e (isalou 974)<\/p>\n<h3>Mon parcours<\/h3>\n<p>Je me suis form\u00e9e tout d\u2019abord \u00e0 la sophrologie et aux m\u00e9decines douces afin de transmettre une pratique et des connaissances visant \u00e0 am\u00e9liorer le bien \u00eatre autant que la sant\u00e9 physique et mentale de l\u2019individu d\u2019un point de vue holistique.&nbsp;<\/p>\n<p>En 2013 je compl\u00e8te mes connaissances en me formant au <a href=\"http:\/\/noosphere.re\/wp-content\/uploads\/2019\/11\/Coaching-fondamental.pdf\">coaching de vie<\/a> et \u00e0 la <a href=\"http:\/\/noosphere.re\/index.php\/a-propos-de\/\" target=\"_blank\" rel=\"noopener noreferrer\">PNL<\/a> (www.coaching fondamental.com \/ G\u00e9raldine Bergon). Je d\u00e9couvre alors des outils puissants et une m\u00e9thode d\u2019accompagnement au changement qui va transformer ma vie d\u2019un point de vue personnel et spirituel :&nbsp;<\/p>\n<h4 style=\"text-align: center;\">\u00ab Nous sommes cr\u00e9ateurs de notre vie et nous avons tous le droit au bonheur ! \u00bb&nbsp;<\/h4>\n<p>J\u2019ai ensuite compl\u00e9t\u00e9 mes connaissances en \u00e9tudiant les <a href=\"http:\/\/noosphere.re\/index.php\/a-propos-de\/\" target=\"_blank\" rel=\"noopener noreferrer\">th\u00e9rapies psycho- \u00e9nerg\u00e9tiques<\/a> afin de proposer un travail de re-connexion bas\u00e9 \u00e0 la fois sur la relation \u00ab Corps &#8211; C\u0153ur- Esprit \u00bb\u2026 Et bien Au-Del\u00e0!&#8230;&nbsp;<\/p>\n<p>Praticienne <a href=\"http:\/\/noosphere.re\/index.php\/mes-outils\/\" target=\"_blank\" rel=\"noopener noreferrer\">EFT<\/a> et facilitatrice <a href=\"http:\/\/noosphere.re\/index.php\/mes-outils\/\" target=\"_blank\" rel=\"noopener noreferrer\">Access Bar\u00ae<\/a>depuis 2016, c\u2019est en 2017 que je trouve ma voie en me sp\u00e9cialisant en <a href=\"http:\/\/noosphere.re\/index.php\/mes-outils\/\" target=\"_blank\" rel=\"noopener noreferrer\">Hypnose humaniste<\/a> et en <a href=\"http:\/\/noosphere.re\/index.php\/mes-outils\/\">th\u00e9rapie symbolique avan\u00e7\u00e9e.<\/a>&nbsp;<\/p>\n<p>Etre <a href=\"http:\/\/noosphere.re\/index.php\/coaching\/\" target=\"_blank\" rel=\"noopener noreferrer\">Coach-Th\u00e9rapeute<\/a> engag\u00e9e sur \u00ab le chemin de la gu\u00e9rison et de l\u2019\u00e9veil \u00bb est pour moi un aboutissement qui me permet de faire ce qui me passionne et me rend heureuse : Accompagner l\u2019individu \u00e0 \u00ab Grandir en Conscience \u00bb, autonome et responsable de ses pens\u00e9es et de ses choix, lib\u00e9r\u00e9 de la charge \u00e9motionnelle et parfois traumatique de son pass\u00e9.<\/p>\n<h4 style=\"text-align: center;\"><strong>&#8220;Ce qui fait la vraie valeur d&#8217;un \u00eatre humain, c&#8217;est de s&#8217;\u00eatre d\u00e9livr\u00e9 de son petit moi&#8221; (A.Einstein)<\/strong><\/h4>\n<h3>Mes r\u00e9f\u00e9rences, dipl\u00f4mes et formations<\/h3>\n<p><a href=\"http:\/\/noosphere.re\/index.php\/diplomes-et-formations\/\" role=\"button\"><br \/>\nen savoir+<br \/>\n<\/a><br \/>\n<img src=\"http:\/\/noosphere.re\/wp-content\/uploads\/elementor\/thumbs\/LOGOICON2-od37nspbbpxnkdjektj91bk9r1av20jm62wx3yhui8.png\" title=\"LOGOICON2\" alt=\"LOGOICON2\"><\/p>\n<h3>La Noosph\u00e8re<\/h3>\n<p>C\u2019est la sph\u00e8re immat\u00e9rielle de la pens\u00e9e humaine, en croissance permanente, que l\u2019\u00eatre alimente constamment et dans laquelle il va pouvoir aller puiser les informations n\u00e9cessaires \u00e0 son \u00e9volution. Carl Gustav Jung parlait d\u2019inconscient collectif, la m\u00e9moire psychique de l\u2019humanit\u00e9 depuis sa naissance.<br \/>\nEn nous reconnectant \u00e0 notre \u00ab&nbsp;Moi Sup\u00e9rieur&nbsp;\u00bb appel\u00e9 \u00e9galement le \u00ab&nbsp;Soi Id\u00e9al&nbsp;\u00bb en hypnose humaniste nous avons alors acc\u00e8s \u00e0 la base des donn\u00e9es et informations infinie contenue dans la Noosph\u00e8re&nbsp;!<\/p>\n<h4 style=\"text-align: center;\"><strong>\u00ab&nbsp;Tout ce qui ne vient pas \u00e0 la Conscience se retrouve sous forme de destin&nbsp;\u00bb (CG Jung)<\/strong><\/h4>\n<p><a href=\"http:\/\/noosphere.re\/index.php\/a-propos-de-la-noosphere\/\" role=\"button\"><br \/>\nen savoir plus<br \/>\n<\/a><\/p>\n<h4><strong>D\u00e9roulement d\u2019une s\u00e9ance :<\/strong><\/h4>\n<h4 style=\"text-align: center;\"><strong>\u00ab&nbsp;Vous savez beaucoup plus que vous savez que vous savez&nbsp;\u00bb M. Erickson <\/strong><\/h4>\n<p>En associant le coaching de vie aux th\u00e9rapies psycho-\u00e9nerg\u00e9tiques et \u00e0 l\u2019hypnose humaniste, je propose lors de mes consultations des outils d\u2019\u00e9volution personnelle pour permettre \u00e0 la personne venant consulter d\u2019atteindre ses objectifs, r\u00e9aliser ses r\u00eaves, transformer sa vie et changer d\u2019angle sa vision du monde. Mon accompagnement th\u00e9rapeutique va permettre notamment de \u00ab&nbsp;nettoyer&nbsp;\u00bb son pass\u00e9, de se lib\u00e9rer de ses croyances limitantes, conditionnements et autres programmes erron\u00e9s ou encore de l\u2019aider \u00e0 gu\u00e9rir de ses blessures \u00e9motionnelles.<\/p>\n<p>Mon travail est guid\u00e9 principalement par une grande qualit\u00e9 d\u2019\u00e9coute, dans le respect, la bienveillance et l\u2019empathie. Une connexion \u00ab&nbsp;en conscience&nbsp;\u00bb avec la personne venant consulter m\u2019est indispensable pour saisir avec discernement et justesse sa probl\u00e9matique et ses besoins.<\/p>\n<p>Tout commence \u00e0 l\u2019int\u00e9rieur, tout est d\u00e9j\u00e0 l\u00e0, le monde ext\u00e9rieur n\u2019\u00e9tant que le reflet de ce qui se vit en chacun de nous.<\/p>\n<h2>T\u00e9moignages<\/h2>\n<blockquote>\n<h5><em><strong>&#8220;Exp\u00e9rience tr\u00e8s forte et tr\u00e8s probante. Isabelle est une tr\u00e8s belle personne, magnifique th\u00e9rapeute.&#8221;<\/strong><\/em><\/h5>\n<\/blockquote>\n<p>Elisabeth S.<\/p>\n<blockquote>\n<h5><strong><em>&#8220;Ancien addict \u00e0 l&#8217;alcool et aux stups je travaille avec ses soins sur une d\u00e9pendance affective qui me g\u00e2che l&#8217;existence. Mille mercis Isabelle&#8221;.<\/em><\/strong><\/h5>\n<\/blockquote>\n<p>Cyril Z.<\/p>\n<blockquote>\n<h5><em><strong>&#8220;Je me suis sentie de mieux en mieux au fil des s\u00e9ances et c&#8217;est un v\u00e9ritable bonheur pour moi !&#8221;<\/strong><\/em><\/h5>\n<\/blockquote>\n<p>Sylvie R.<\/p>\n<blockquote>\n<h5><em><strong>&#8220;Isabelle a su avec une grande \u00e9coute cibler mon probl\u00e8me et aller au coeur du sujet.&#8221;<\/strong><\/em><\/h5>\n<\/blockquote>\n<p>Virgine V.<\/p>\n<blockquote><p><strong>Une exp\u00e9rience qui m&#8217;a permis de me retrouver et de gu\u00e9rir mes blessures int\u00e9rieures, merci de ton professionnalisme et ta joie de vivre Isabelle. Kevin<\/strong><\/p><\/blockquote>\n<p>Kevin<br \/>\nManager<\/p>\n","protected":false},"excerpt":{"rendered":"<p>Ma d\u00e9marche Depuis les ann\u00e9es 2000, je chemine sur la voie du d\u00e9veloppement personnel et de la spiritualit\u00e9 tout d\u2019abord pour donner un sens \u00e0 ma vie en accord avec mes valeurs, mes convictions et ma philosophie humaniste mais aussi pour comprendre le fonctionnement de l\u2019humain et de sa relation au monde. Quelle est sa [&hellip;]<\/p>\n","protected":false},"author":1,"featured_media":0,"parent":0,"menu_order":0,"comment_status":"closed","ping_status":"closed","template":"","meta":[],"_links":{"self":[{"href":"https:\/\/noosphere.re\/index.php\/wp-json\/wp\/v2\/pages\/43"}],"collection":[{"href":"https:\/\/noosphere.re\/index.php\/wp-json\/wp\/v2\/pages"}],"about":[{"href":"https:\/\/noosphere.re\/index.php\/wp-json\/wp\/v2\/types\/page"}],"author":[{"embeddable":true,"href":"https:\/\/noosphere.re\/index.php\/wp-json\/wp\/v2\/users\/1"}],"replies":[{"embeddable":true,"href":"https:\/\/noosphere.re\/index.php\/wp-json\/wp\/v2\/comments?post=43"}],"version-history":[{"count":149,"href":"https:\/\/noosphere.re\/index.php\/wp-json\/wp\/v2\/pages\/43\/revisions"}],"predecessor-version":[{"id":674,"href":"https:\/\/noosphere.re\/index.php\/wp-json\/wp\/v2\/pages\/43\/revisions\/674"}],"wp:attachment":[{"href":"https:\/\/noosphere.re\/index.php\/wp-json\/wp\/v2\/media?parent=43"}],"curies":[{"name":"wp","href":"https:\/\/api.w.org\/{rel}","templated":true}]}}