{"id":586,"date":"2019-12-30T11:49:20","date_gmt":"2019-12-30T10:49:20","guid":{"rendered":"http:\/\/noosphere.re\/?page_id=586"},"modified":"2020-01-03T09:02:12","modified_gmt":"2020-01-03T08:02:12","slug":"a-propos-de-la-noosphere","status":"publish","type":"page","link":"https:\/\/noosphere.re\/index.php\/a-propos-de-la-noosphere\/","title":{"rendered":"A propos de la noosph\u00e8re"},"content":{"rendered":"\t\t<div data-elementor-type=\"wp-page\" data-elementor-id=\"586\" class=\"elementor elementor-586\" data-elementor-settings=\"[]\">\n\t\t\t<div class=\"elementor-inner\">\n\t\t\t\t<div class=\"elementor-section-wrap\">\n\t\t\t\t\t\t\t<section class=\"elementor-element elementor-element-ff7e3a7 elementor-section-boxed elementor-section-height-default elementor-section-height-default elementor-section elementor-top-section\" data-id=\"ff7e3a7\" data-element_type=\"section\">\n\t\t\t\t\t\t<div class=\"elementor-container elementor-column-gap-default\">\n\t\t\t\t<div class=\"elementor-row\">\n\t\t\t\t<div class=\"elementor-element elementor-element-e3b9094 elementor-column elementor-col-100 elementor-top-column\" data-id=\"e3b9094\" data-element_type=\"column\">\n\t\t\t<div class=\"elementor-column-wrap  elementor-element-populated\">\n\t\t\t\t\t<div class=\"elementor-widget-wrap\">\n\t\t\t\t<div class=\"elementor-element elementor-element-b24e667 elementor-widget elementor-widget-image\" data-id=\"b24e667\" data-element_type=\"widget\" data-widget_type=\"image.default\">\n\t\t\t\t<div class=\"elementor-widget-container\">\n\t\t\t\t\t<div class=\"elementor-image\">\n\t\t\t\t\t\t\t\t\t\t<img width=\"400\" height=\"250\" src=\"https:\/\/noosphere.re\/wp-content\/uploads\/2020\/01\/Noosphere-1.jpg\" class=\"attachment-large size-large\" alt=\"\" loading=\"lazy\" srcset=\"https:\/\/noosphere.re\/wp-content\/uploads\/2020\/01\/Noosphere-1.jpg 400w, https:\/\/noosphere.re\/wp-content\/uploads\/2020\/01\/Noosphere-1-300x188.jpg 300w, https:\/\/noosphere.re\/wp-content\/uploads\/2020\/01\/Noosphere-1-230x144.jpg 230w, https:\/\/noosphere.re\/wp-content\/uploads\/2020\/01\/Noosphere-1-350x219.jpg 350w\" sizes=\"(max-width: 400px) 100vw, 400px\" \/>\t\t\t\t\t\t\t\t\t\t\t<\/div>\n\t\t\t\t<\/div>\n\t\t\t\t<\/div>\n\t\t\t\t<div class=\"elementor-element elementor-element-345a3e5 elementor-widget elementor-widget-text-editor\" data-id=\"345a3e5\" data-element_type=\"widget\" data-widget_type=\"text-editor.default\">\n\t\t\t\t<div class=\"elementor-widget-container\">\n\t\t\t\t\t<div class=\"elementor-text-editor elementor-clearfix\"><p><strong>Encyclop\u00e9die du savoir relatif et absolu. Bernard Werber<\/strong><\/p>\n<p><em>&#8220;L&#8217;h\u00e9misph\u00e8re gauche de notre cerveau est d\u00e9volu \u00e0 la logique, c&#8217;est le cerveau du chiffre. L&#8217;h\u00e9misph\u00e8re droit de notre cerveau droit est d\u00e9volu \u00e0 l&#8217;intuition, c&#8217;est le cerveau de la forme. <\/em><br><em>Pour une m\u00eame information, chaque h\u00e9misph\u00e8re aura une perception diff\u00e9rente pouvant d\u00e9boucher sur des conclusions absolument contraires. <\/em><br><em>Il semblerait que, la nuit seulement, l&#8217;h\u00e9misph\u00e8re droit, conseiller inconscient, par l&#8217;entremise des r\u00eaves, donne son avis \u00e0 l&#8217;h\u00e9misph\u00e8re gauche, r\u00e9alisateur conscient, \u00e0 la mani\u00e8re d&#8217;un couple dans lequel la femme, intuitive, glisserait furtivement son opinion \u00e0 son mari, mat\u00e9rialiste. Selon le savant russe Vladimir Vernadski (aussi inventeur du mot &#8220;biosph\u00e8re&#8221;) et le philosophe fran\u00e7ais Teilhard de Chardin, ce cerveau droit intuitif serait dot\u00e9 d&#8217;un autre don encore, celui de pouvoir se brancher sur ce qu&#8217;ils nomment la &#8220;Noosph\u00e8re&#8221;.<\/em><\/p>\n<p><em>La Noosph\u00e8re pourrait \u00eatre repr\u00e9sent\u00e9e comme un grand nuage cernant la plan\u00e8te tout comme l&#8217;atmosph\u00e8re. Ce nuage sph\u00e9rique immat\u00e9riel serait compos\u00e9 de tous les inconscients humains \u00e9mis par les cerveaux droits. L&#8217;ensemble constituerait un grand ensemble, l&#8217;Esprit humain global en quelque sorte. <br><\/em><br><em>C&#8217;est ainsi que nous croyons imaginer ou inventer des choses alors qu&#8217;en fait, c&#8217;est tout simplement notre cerveau droit qui va les chercher dans la Noosph\u00e8re. Et lorsque notre cerveau gauche \u00e9coute attentivement notre cerveau droit, l&#8217;information passe et d\u00e9bouche sur une id\u00e9e apte \u00e0 se concr\u00e9tiser en actes. Selon cette hypoth\u00e8se, un peintre, un musicien, un inventeur ou un romancier ne seraient donc que cela: des r\u00e9cepteurs radio capables d&#8217;aller avec leur cerveau droit puiser dans l&#8217;inconscient collectif puis de laisser communiquer h\u00e9misph\u00e8res droit et gauche suffisamment librement pour qu&#8217;ils parviennent \u00e0 mettre en \u0153uvre ces concepts qui tra\u00eenent dans la Noosph\u00e8re \u00e0 la disposition de tous.&#8221;<\/em><\/p><\/div>\n\t\t\t\t<\/div>\n\t\t\t\t<\/div>\n\t\t\t\t\t\t<\/div>\n\t\t\t<\/div>\n\t\t<\/div>\n\t\t\t\t\t\t<\/div>\n\t\t\t<\/div>\n\t\t<\/section>\n\t\t\t\t\t\t<\/div>\n\t\t\t<\/div>\n\t\t<\/div>\n\t\t","protected":false},"excerpt":{"rendered":"<p>Encyclop\u00e9die du savoir relatif et absolu. Bernard Werber &#8220;L&#8217;h\u00e9misph\u00e8re gauche de notre cerveau est d\u00e9volu \u00e0 la logique, c&#8217;est le cerveau du chiffre. L&#8217;h\u00e9misph\u00e8re droit de notre cerveau droit est d\u00e9volu \u00e0 l&#8217;intuition, c&#8217;est le cerveau de la forme. Pour une m\u00eame information, chaque h\u00e9misph\u00e8re aura une perception diff\u00e9rente pouvant d\u00e9boucher sur des conclusions absolument [&hellip;]<\/p>\n","protected":false},"author":1,"featured_media":0,"parent":0,"menu_order":0,"comment_status":"closed","ping_status":"closed","template":"","meta":[],"_links":{"self":[{"href":"https:\/\/noosphere.re\/index.php\/wp-json\/wp\/v2\/pages\/586"}],"collection":[{"href":"https:\/\/noosphere.re\/index.php\/wp-json\/wp\/v2\/pages"}],"about":[{"href":"https:\/\/noosphere.re\/index.php\/wp-json\/wp\/v2\/types\/page"}],"author":[{"embeddable":true,"href":"https:\/\/noosphere.re\/index.php\/wp-json\/wp\/v2\/users\/1"}],"replies":[{"embeddable":true,"href":"https:\/\/noosphere.re\/index.php\/wp-json\/wp\/v2\/comments?post=586"}],"version-history":[{"count":3,"href":"https:\/\/noosphere.re\/index.php\/wp-json\/wp\/v2\/pages\/586\/revisions"}],"predecessor-version":[{"id":629,"href":"https:\/\/noosphere.re\/index.php\/wp-json\/wp\/v2\/pages\/586\/revisions\/629"}],"wp:attachment":[{"href":"https:\/\/noosphere.re\/index.php\/wp-json\/wp\/v2\/media?parent=586"}],"curies":[{"name":"wp","href":"https:\/\/api.w.org\/{rel}","templated":true}]}}